{"id":553,"date":"2023-04-13T13:10:24","date_gmt":"2023-04-13T13:10:24","guid":{"rendered":"http:\/\/test.luqaleather.com\/?post_type=product&#038;p=553"},"modified":"2023-04-15T06:58:07","modified_gmt":"2023-04-15T06:58:07","slug":"urun-14","status":"publish","type":"product","link":"https:\/\/test.luqaleather.com\/?product=urun-14","title":{"rendered":"\u00dcr\u00fcn-14"},"content":{"rendered":"<p>Deri C\u00fczdan<\/p>\n","protected":false},"excerpt":{"rendered":"<p>Deri C\u00fczdan<\/p>\n","protected":false},"featured_media":582,"comment_status":"open","ping_status":"closed","template":"","meta":[],"product_brand":[],"product_cat":[48,45],"product_tag":[51],"class_list":{"0":"post-553","1":"product","2":"type-product","3":"status-publish","4":"has-post-thumbnail","6":"product_cat-cuzdan","7":"product_cat-genel","8":"product_tag-cuzdan","10":"first","11":"instock","12":"shipping-taxable","13":"product-type-external"},"_links":{"self":[{"href":"https:\/\/test.luqaleather.com\/index.php?rest_route=\/wp\/v2\/product\/553","targetHints":{"allow":["GET"]}}],"collection":[{"href":"https:\/\/test.luqaleather.com\/index.php?rest_route=\/wp\/v2\/product"}],"about":[{"href":"https:\/\/test.luqaleather.com\/index.php?rest_route=\/wp\/v2\/types\/product"}],"replies":[{"embeddable":true,"href":"https:\/\/test.luqaleather.com\/index.php?rest_route=%2Fwp%2Fv2%2Fcomments&post=553"}],"wp:featuredmedia":[{"embeddable":true,"href":"https:\/\/test.luqaleather.com\/index.php?rest_route=\/wp\/v2\/media\/582"}],"wp:attachment":[{"href":"https:\/\/test.luqaleather.com\/index.php?rest_route=%2Fwp%2Fv2%2Fmedia&parent=553"}],"wp:term":[{"taxonomy":"product_brand","embeddable":true,"href":"https:\/\/test.luqaleather.com\/index.php?rest_route=%2Fwp%2Fv2%2Fproduct_brand&post=553"},{"taxonomy":"product_cat","embeddable":true,"href":"https:\/\/test.luqaleather.com\/index.php?rest_route=%2Fwp%2Fv2%2Fproduct_cat&post=553"},{"taxonomy":"product_tag","embeddable":true,"href":"https:\/\/test.luqaleather.com\/index.php?rest_route=%2Fwp%2Fv2%2Fproduct_tag&post=553"}],"curies":[{"name":"wp","href":"https:\/\/api.w.org\/{rel}","templated":true}]}}