{"id":500,"date":"2023-04-04T09:04:11","date_gmt":"2023-04-04T09:04:11","guid":{"rendered":"http:\/\/test.luqaleather.com\/?post_type=product&#038;p=500"},"modified":"2025-09-13T16:05:25","modified_gmt":"2025-09-13T16:05:25","slug":"apple-aksesuar","status":"publish","type":"product","link":"https:\/\/test.luqaleather.com\/?product=apple-aksesuar","title":{"rendered":"\u00fcr\u00fcn 2"},"content":{"rendered":"<p>Deri \u00c7e\u015fitleri<\/p>\n","protected":false},"excerpt":{"rendered":"<p>Deri \u00c7e\u015fitleri<\/p>\n","protected":false},"featured_media":535,"comment_status":"open","ping_status":"closed","template":"","meta":[],"product_brand":[],"product_cat":[54,45],"product_tag":[49],"class_list":{"0":"post-500","1":"product","2":"type-product","3":"status-publish","4":"has-post-thumbnail","6":"product_cat-apple-urunleri","7":"product_cat-genel","8":"product_tag-deri","10":"first","11":"instock","12":"shipping-taxable","13":"product-type-external"},"_links":{"self":[{"href":"https:\/\/test.luqaleather.com\/index.php?rest_route=\/wp\/v2\/product\/500","targetHints":{"allow":["GET"]}}],"collection":[{"href":"https:\/\/test.luqaleather.com\/index.php?rest_route=\/wp\/v2\/product"}],"about":[{"href":"https:\/\/test.luqaleather.com\/index.php?rest_route=\/wp\/v2\/types\/product"}],"replies":[{"embeddable":true,"href":"https:\/\/test.luqaleather.com\/index.php?rest_route=%2Fwp%2Fv2%2Fcomments&post=500"}],"wp:featuredmedia":[{"embeddable":true,"href":"https:\/\/test.luqaleather.com\/index.php?rest_route=\/wp\/v2\/media\/535"}],"wp:attachment":[{"href":"https:\/\/test.luqaleather.com\/index.php?rest_route=%2Fwp%2Fv2%2Fmedia&parent=500"}],"wp:term":[{"taxonomy":"product_brand","embeddable":true,"href":"https:\/\/test.luqaleather.com\/index.php?rest_route=%2Fwp%2Fv2%2Fproduct_brand&post=500"},{"taxonomy":"product_cat","embeddable":true,"href":"https:\/\/test.luqaleather.com\/index.php?rest_route=%2Fwp%2Fv2%2Fproduct_cat&post=500"},{"taxonomy":"product_tag","embeddable":true,"href":"https:\/\/test.luqaleather.com\/index.php?rest_route=%2Fwp%2Fv2%2Fproduct_tag&post=500"}],"curies":[{"name":"wp","href":"https:\/\/api.w.org\/{rel}","templated":true}]}}