{"id":212,"date":"2016-07-25T09:29:42","date_gmt":"2016-07-25T09:29:42","guid":{"rendered":"http:\/\/test.luqaleather.com\/?page_id=212"},"modified":"2025-09-11T14:41:30","modified_gmt":"2025-09-11T14:41:30","slug":"home-boxed","status":"publish","type":"page","link":"https:\/\/test.luqaleather.com\/","title":{"rendered":"Home Boxed"},"content":{"rendered":"<p>[vc_row full_width=&#8221;stretch_row_content_no_spaces&#8221;][vc_column]<div class=\"sc_promo promo_with_two_image  sc_promo_size_large\"><div class=\"sc_promo_inner\"><div class=\"sc_promo_image\" style=\"background-image:url(https:\/\/test.luqaleather.com\/wp-content\/uploads\/2023\/03\/56.jpg);width:50%;right: 0;\"><\/div><div class=\"sc_promo_block sc_align_left\" style=\"width: 50%; float: left;\"><div class=\"sc_promo_block_inner\"><h6 class=\"sc_promo_subtitle sc_item_subtitle\">Neden Biz<\/h6><h2 class=\"sc_promo_title sc_item_title sc_item_title_without_descr\">Sekt\u00f6rde Lideriz<\/h2><div class=\"sc_promo_descr sc_item_descr\">Yapt\u0131\u011f\u0131m\u0131z \u00fcr\u00fcnler d\u00fcnyan\u0131n bir \u00e7ok \u00fclkesine sat\u0131lmakta...<\/div><div class=\"sc_promo_button sc_item_button\"><a href=\"#\" class=\"sc_button sc_button_square sc_button_style_border sc_button_size_small  sc_button_iconed icon-right\">Learn more<\/a><\/div><\/div><\/div><\/div><\/div>[\/vc_column][\/vc_row][vc_row full_width=&#8221;stretch_row_content_no_spaces&#8221; inverse=&#8221;&#8221; css=&#8221;.vc_custom_1681726178916{margin-top: 0px !important;margin-right: 0px !important;border-bottom-width: 0px !important;}&#8221;][vc_column width=&#8221;5\/12&#8243;][vc_single_image image=&#8221;608&#8243; img_size=&#8221;large&#8221; alignment=&#8221;center&#8221; onclick=&#8221;custom_link&#8221; title=&#8221;\u00c7anta&#8221; link=&#8221;https:\/\/test.luqaleather.com\/?product_cat=canta&#8221;][\/vc_column][vc_column width=&#8221;1\/6&#8243; css=&#8221;.vc_custom_1681727287033{margin-top: 14em !important;}&#8221; offset=&#8221;vc_hidden-xs&#8221;][vc_column_text css=&#8221;.vc_custom_1681727180206{padding-top: 0px !important;padding-right: 5px !important;padding-bottom: 5px !important;padding-left: 5px !important;}&#8221;]<\/p>\n<h4 style=\"text-align: center;\">\u00dcr\u00fcnlerimiz<\/h4>\n<p>Y\u00fcksek Kalite , Uzman \u0130\u015f\u00e7ilik ve uygun fiyat ile kendi stilinize uygun \u00fcr\u00fcnlerimizi se\u00e7in.[\/vc_column_text][\/vc_column][vc_column width=&#8221;5\/12&#8243;][vc_single_image image=&#8221;586&#8243; img_size=&#8221;large&#8221; alignment=&#8221;center&#8221; onclick=&#8221;custom_link&#8221; title=&#8221;C\u00fczdan&#8221; link=&#8221;https:\/\/test.luqaleather.com\/?product_cat=cuzdan&#8221;][\/vc_column][\/vc_row][vc_row full_width=&#8221;stretch_row&#8221; css=&#8221;.vc_custom_1679988165860{margin-top: 4.6rem !important;padding-top: 12.5rem !important;padding-bottom: 12.5rem !important;background-image: url(https:\/\/test.luqaleather.com\/wp-content\/uploads\/2023\/03\/d1.jpg?id=442) !important;background-position: center !important;background-repeat: no-repeat !important;background-size: cover !important;}&#8221;][vc_column]<div class=\"sc_section margin_top_null margin_bottom_null aligncenter\"><div class=\"sc_section_inner\"><div class=\"sc_section_content_wrap\"><h5 class=\"sc_title sc_title_regular sc_align_center margin_top_null margin_bottom_null\" style=\"text-align:center;font-size:1.2rem;\">Kaliteli Hizmet<\/h5><h2 class=\"sc_title sc_title_regular sc_align_center margin_top_null margin_bottom_null\" style=\"text-align:center;color:#ffffff;\">Bizimle \u0130leti\u015fime Ge\u00e7<\/h2><a href=\"\/?page_id=184\/\" class=\"sc_button sc_button_square sc_button_style_border sc_button_size_medium margin_top_medium margin_bottom_null sc_popup_link\">\u0130leti\u015fim<\/a><\/div><\/div><\/div>[\/vc_column][\/vc_row]<\/p>\n","protected":false},"excerpt":{"rendered":"<p>[vc_row full_width=&#8221;stretch_row_content_no_spaces&#8221;][vc_column][\/vc_column][\/vc_row][vc_row full_width=&#8221;stretch_row_content_no_spaces&#8221; inverse=&#8221;&#8221; css=&#8221;.vc_custom_1681726178916{margin-top: 0px !important;margin-right: 0px !important;border-bottom-width: 0px !important;}&#8221;][vc_column width=&#8221;5\/12&#8243;][vc_single_image image=&#8221;608&#8243; img_size=&#8221;large&#8221; alignment=&#8221;center&#8221; onclick=&#8221;custom_link&#8221; title=&#8221;\u00c7anta&#8221; link=&#8221;https:\/\/test.luqaleather.com\/?product_cat=canta&#8221;][\/vc_column][vc_column width=&#8221;1\/6&#8243; css=&#8221;.vc_custom_1681727287033{margin-top: 14em !important;}&#8221; offset=&#8221;vc_hidden-xs&#8221;][vc_column_text css=&#8221;.vc_custom_1681727180206{padding-top: 0px !important;padding-right: 5px !important;padding-bottom: 5px !important;padding-left: 5px !important;}&#8221;] \u00dcr\u00fcnlerimiz Y\u00fcksek Kalite , Uzman \u0130\u015f\u00e7ilik ve uygun fiyat ile kendi stilinize uygun \u00fcr\u00fcnlerimizi se\u00e7in.[\/vc_column_text][\/vc_column][vc_column width=&#8221;5\/12&#8243;][vc_single_image image=&#8221;586&#8243; img_size=&#8221;large&#8221; alignment=&#8221;center&#8221; onclick=&#8221;custom_link&#8221; title=&#8221;C\u00fczdan&#8221; link=&#8221;https:\/\/test.luqaleather.com\/?product_cat=cuzdan&#8221;][\/vc_column][\/vc_row][vc_row full_width=&#8221;stretch_row&#8221; [&hellip;]<\/p>\n","protected":false},"author":1,"featured_media":0,"parent":0,"menu_order":0,"comment_status":"closed","ping_status":"closed","template":"","meta":{"footnotes":""},"class_list":["post-212","page","type-page","status-publish","hentry"],"_hostinger_reach_plugin_has_subscription_block":false,"_hostinger_reach_plugin_is_elementor":false,"_links":{"self":[{"href":"https:\/\/test.luqaleather.com\/index.php?rest_route=\/wp\/v2\/pages\/212","targetHints":{"allow":["GET"]}}],"collection":[{"href":"https:\/\/test.luqaleather.com\/index.php?rest_route=\/wp\/v2\/pages"}],"about":[{"href":"https:\/\/test.luqaleather.com\/index.php?rest_route=\/wp\/v2\/types\/page"}],"author":[{"embeddable":true,"href":"https:\/\/test.luqaleather.com\/index.php?rest_route=\/wp\/v2\/users\/1"}],"replies":[{"embeddable":true,"href":"https:\/\/test.luqaleather.com\/index.php?rest_route=%2Fwp%2Fv2%2Fcomments&post=212"}],"version-history":[{"count":19,"href":"https:\/\/test.luqaleather.com\/index.php?rest_route=\/wp\/v2\/pages\/212\/revisions"}],"predecessor-version":[{"id":688,"href":"https:\/\/test.luqaleather.com\/index.php?rest_route=\/wp\/v2\/pages\/212\/revisions\/688"}],"wp:attachment":[{"href":"https:\/\/test.luqaleather.com\/index.php?rest_route=%2Fwp%2Fv2%2Fmedia&parent=212"}],"curies":[{"name":"wp","href":"https:\/\/api.w.org\/{rel}","templated":true}]}}